{"id":39251,"date":"2024-01-19T18:22:17","date_gmt":"2024-01-19T18:22:17","guid":{"rendered":"https:\/\/secmah.com.br\/coopjfk\/?page_id=39251"},"modified":"2024-01-19T23:45:46","modified_gmt":"2024-01-19T23:45:46","slug":"declaracoes","status":"publish","type":"page","link":"https:\/\/secmah.com.br\/coopjfk\/declaracoes\/","title":{"rendered":"Declara\u00e7\u00f5es"},"content":{"rendered":"\t\t<div data-elementor-type=\"wp-page\" data-elementor-id=\"39251\" class=\"elementor elementor-39251\" data-elementor-post-type=\"page\">\n\t\t\t\t<div class=\"elementor-element elementor-element-2e00164 e-flex e-con-boxed e-con e-parent\" data-id=\"2e00164\" data-element_type=\"container\" data-settings=\"{&quot;background_background&quot;:&quot;classic&quot;}\">\n\t\t\t\t\t<div class=\"e-con-inner\">\n\t\t\t\t<div class=\"elementor-element elementor-element-1dc954a3 elementor-widget elementor-widget-heading\" data-id=\"1dc954a3\" data-element_type=\"widget\" data-widget_type=\"heading.default\">\n\t\t\t\t<div class=\"elementor-widget-container\">\n\t\t\t\t\t<h2 class=\"elementor-heading-title elementor-size-default\">Declara\u00e7\u00f5es<\/h2>\t\t\t\t<\/div>\n\t\t\t\t<\/div>\n\t\t\t\t\t<\/div>\n\t\t\t\t<\/div>\n\t\t<div class=\"elementor-element elementor-element-469dc64 e-flex e-con-boxed e-con e-parent\" data-id=\"469dc64\" data-element_type=\"container\" data-settings=\"{&quot;background_background&quot;:&quot;classic&quot;}\">\n\t\t\t\t\t<div class=\"e-con-inner\">\n\t\t\t\t<div class=\"elementor-element elementor-element-4ff57f9d elementor-button-align-center elementor-widget elementor-widget-form\" data-id=\"4ff57f9d\" data-element_type=\"widget\" data-settings=\"{&quot;step_next_label&quot;:&quot;Pr\\u00f3ximo&quot;,&quot;step_previous_label&quot;:&quot;Anterior&quot;,&quot;button_width&quot;:&quot;100&quot;,&quot;step_type&quot;:&quot;number_text&quot;,&quot;step_icon_shape&quot;:&quot;circle&quot;}\" data-widget_type=\"form.default\">\n\t\t\t\t<div class=\"elementor-widget-container\">\n\t\t\t\t\t\t\t<form class=\"elementor-form\" method=\"post\" name=\"Aceite Declara\u00e7\u00f5es\">\n\t\t\t<input type=\"hidden\" name=\"post_id\" value=\"39251\"\/>\n\t\t\t<input type=\"hidden\" name=\"form_id\" value=\"4ff57f9d\"\/>\n\t\t\t<input type=\"hidden\" name=\"referer_title\" value=\"\" \/>\n\n\t\t\t\n\t\t\t<div class=\"elementor-form-fields-wrapper elementor-labels-above\">\n\t\t\t\t\t\t\t\t<div class=\"elementor-field-type-html elementor-field-group elementor-column elementor-field-group-field_46113f7 elementor-col-100\">\n\t\t\t\t\tPreencha e envie para atualizar os seus dados.\t\t\t\t<\/div>\n\t\t\t\t\t\t\t\t<div class=\"elementor-field-type-text elementor-field-group elementor-column elementor-field-group-field_9e4be39 elementor-col-100 elementor-field-required elementor-mark-required\">\n\t\t\t\t\t\t\t\t\t\t\t\t<label for=\"form-field-field_9e4be39\" class=\"elementor-field-label\">\n\t\t\t\t\t\t\t\tNome\t\t\t\t\t\t\t<\/label>\n\t\t\t\t\t\t\t\t\t\t\t\t\t\t<input size=\"1\" type=\"text\" name=\"form_fields[field_9e4be39]\" id=\"form-field-field_9e4be39\" class=\"elementor-field elementor-size-sm  elementor-field-textual\" required=\"required\" aria-required=\"true\">\n\t\t\t\t\t\t\t\t\t\t\t<\/div>\n\t\t\t\t\t\t\t\t<div class=\"elementor-field-type-text elementor-field-group elementor-column elementor-field-group-field_82d9e32 elementor-col-100 elementor-field-required elementor-mark-required\">\n\t\t\t\t\t\t\t\t\t\t\t\t<label for=\"form-field-field_82d9e32\" class=\"elementor-field-label\">\n\t\t\t\t\t\t\t\tCPF \/ CNPJ\t\t\t\t\t\t\t<\/label>\n\t\t\t\t\t\t\t\t\t\t\t\t\t\t<input size=\"1\" type=\"text\" name=\"form_fields[field_82d9e32]\" id=\"form-field-field_82d9e32\" class=\"elementor-field elementor-size-sm  elementor-field-textual\" required=\"required\" aria-required=\"true\">\n\t\t\t\t\t\t\t\t\t\t\t<\/div>\n\t\t\t\t\t\t\t\t<div class=\"elementor-field-type-text elementor-field-group elementor-column elementor-field-group-field_f553f5f elementor-col-100 elementor-field-required elementor-mark-required\">\n\t\t\t\t\t\t\t\t\t\t\t\t<label for=\"form-field-field_f553f5f\" class=\"elementor-field-label\">\n\t\t\t\t\t\t\t\tCPF do Representante legal (se pessoa jur\u00eddica) \t\t\t\t\t\t\t<\/label>\n\t\t\t\t\t\t\t\t\t\t\t\t\t\t<input size=\"1\" type=\"text\" name=\"form_fields[field_f553f5f]\" id=\"form-field-field_f553f5f\" class=\"elementor-field elementor-size-sm  elementor-field-textual\" required=\"required\" aria-required=\"true\">\n\t\t\t\t\t\t\t\t\t\t\t<\/div>\n\t\t\t\t\t\t\t\t<div class=\"elementor-field-type-text elementor-field-group elementor-column elementor-field-group-field_6fda033 elementor-col-100 elementor-field-required elementor-mark-required\">\n\t\t\t\t\t\t\t\t\t\t\t\t<label for=\"form-field-field_6fda033\" class=\"elementor-field-label\">\n\t\t\t\t\t\t\t\tRG e Org\u00e3o Expedidor do Representante legal (se pessoa jur\u00eddica)\t\t\t\t\t\t\t<\/label>\n\t\t\t\t\t\t\t\t\t\t\t\t\t\t<input size=\"1\" type=\"text\" name=\"form_fields[field_6fda033]\" id=\"form-field-field_6fda033\" class=\"elementor-field elementor-size-sm  elementor-field-textual\" required=\"required\" aria-required=\"true\">\n\t\t\t\t\t\t\t\t\t\t\t<\/div>\n\t\t\t\t\t\t\t\t<div class=\"elementor-field-type-radio elementor-field-group elementor-column elementor-field-group-field_13b16fd elementor-col-100 elementor-field-required elementor-mark-required\">\n\t\t\t\t\t\t\t\t\t\t\t\t<label for=\"form-field-field_13b16fd\" class=\"elementor-field-label\">\n\t\t\t\t\t\t\t\tDECLARA\u00c7\u00c3O DE PROP\u00d3SITO - Em cumprimento ao disposto no artigo 2\u00ba, inciso V, da Circular 3.461, de 24\/07\/2009, do Banco Central do Brasil, declaramos que nossa rela\u00e7\u00e3o de neg\u00f3cios com a cooperativa tem o seguinte prop\u00f3sito e natureza:\t\t\t\t\t\t\t<\/label>\n\t\t\t\t\t\t<div class=\"elementor-field-subgroup  \"><span class=\"elementor-field-option\"><input type=\"radio\" value=\"Realizar movimenta\u00e7\u00f5es financeiras em conta-corrente e\/ou conta de capital.\" id=\"form-field-field_13b16fd-0\" name=\"form_fields[field_13b16fd]\" required=\"required\" aria-required=\"true\"> <label for=\"form-field-field_13b16fd-0\">Realizar movimenta\u00e7\u00f5es financeiras em conta-corrente e\/ou conta de capital.<\/label><\/span><span class=\"elementor-field-option\"><input type=\"radio\" value=\"Realizar aplica\u00e7\u00f5es financeiras.\" id=\"form-field-field_13b16fd-1\" name=\"form_fields[field_13b16fd]\" required=\"required\" aria-required=\"true\"> <label for=\"form-field-field_13b16fd-1\">Realizar aplica\u00e7\u00f5es financeiras.<\/label><\/span><span class=\"elementor-field-option\"><input type=\"radio\" value=\"Realizar empr\u00e9stimos ou financiamentos.\" id=\"form-field-field_13b16fd-2\" name=\"form_fields[field_13b16fd]\" required=\"required\" aria-required=\"true\"> <label for=\"form-field-field_13b16fd-2\">Realizar empr\u00e9stimos ou financiamentos.<\/label><\/span><span class=\"elementor-field-option\"><input type=\"radio\" value=\"Utilizar cart\u00e3o de cr\u00e9dito.\" id=\"form-field-field_13b16fd-3\" name=\"form_fields[field_13b16fd]\" required=\"required\" aria-required=\"true\"> <label for=\"form-field-field_13b16fd-3\">Utilizar cart\u00e3o de cr\u00e9dito.<\/label><\/span><span class=\"elementor-field-option\"><input type=\"radio\" value=\"Utilizar conv\u00eanios.\" id=\"form-field-field_13b16fd-4\" name=\"form_fields[field_13b16fd]\" required=\"required\" aria-required=\"true\"> <label for=\"form-field-field_13b16fd-4\">Utilizar conv\u00eanios.<\/label><\/span><\/div>\t\t\t\t<\/div>\n\t\t\t\t\t\t\t\t<div class=\"elementor-field-type-radio elementor-field-group elementor-column elementor-field-group-field_192a7e9 elementor-col-100 elementor-field-required elementor-mark-required\">\n\t\t\t\t\t\t\t\t\t\t\t\t<label for=\"form-field-field_192a7e9\" class=\"elementor-field-label\">\n\t\t\t\t\t\t\t\tLei n\u00ba 9.613\t\t\t\t\t\t\t<\/label>\n\t\t\t\t\t\t<div class=\"elementor-field-subgroup  \"><span class=\"elementor-field-option\"><input type=\"radio\" value=\"Declaro, ainda estar ciente, sob as penas da lei, que o relacionamento objeto da presente Declara\u00e7\u00e3o de Prop\u00f3sito se insere na preven\u00e7\u00e3o e combate \u00e0s atividades relacionadas com os crimes previstos na Lei n\u00ba 9.613, de 03\/03\/1998, a qual disp\u00f5e sobre os crimes de \u201clavagem\u201d ou oculta\u00e7\u00e3o de bens, direitos e valores, assim como a utiliza\u00e7\u00e3o do sistema financeiro nacional para os il\u00edcitos previstos nessa Lei.\" id=\"form-field-field_192a7e9-0\" name=\"form_fields[field_192a7e9]\" required=\"required\" aria-required=\"true\"> <label for=\"form-field-field_192a7e9-0\">Declaro, ainda estar ciente, sob as penas da lei, que o relacionamento objeto da presente Declara\u00e7\u00e3o de Prop\u00f3sito se insere na preven\u00e7\u00e3o e combate \u00e0s atividades relacionadas com os crimes previstos na Lei n\u00ba 9.613, de 03\/03\/1998, a qual disp\u00f5e sobre os crimes de \u201clavagem\u201d ou oculta\u00e7\u00e3o de bens, direitos e valores, assim como a utiliza\u00e7\u00e3o do sistema financeiro nacional para os il\u00edcitos previstos nessa Lei.<\/label><\/span><\/div>\t\t\t\t<\/div>\n\t\t\t\t\t\t\t\t<div class=\"elementor-field-type-radio elementor-field-group elementor-column elementor-field-group-field_4cf8a15 elementor-col-100 elementor-field-required elementor-mark-required\">\n\t\t\t\t\t\t\t\t\t\t\t\t<label for=\"form-field-field_4cf8a15\" class=\"elementor-field-label\">\n\t\t\t\t\t\t\t\tDECLARA\u00c7\u00c3O DE PESSOA EXPOSTA POLITICAMENTE \u2013 PEP * Nos termos a Circular 3.978\/2020, considera-se pessoa politicamente exposta aquele que desempenha ou tenha desempenhado, nos \u00faltimos cinco anos, no Brasil ou em pa\u00eds, territ\u00f3rio ou depend\u00eancia estrangeira, cargo, emprego ou fun\u00e7\u00e3o p\u00fablica relevante, assim como seus representantes, familiares e outras pessoas de seu relacionamento pr\u00f3ximo.\t\t\t\t\t\t\t<\/label>\n\t\t\t\t\t\t<div class=\"elementor-field-subgroup  \"><span class=\"elementor-field-option\"><input type=\"radio\" value=\"N\u00e3o sou pessoa politicamente exposta e n\u00e3o tenho rela\u00e7\u00e3o com pessoa politicamente exposta.\" id=\"form-field-field_4cf8a15-0\" name=\"form_fields[field_4cf8a15]\" required=\"required\" aria-required=\"true\"> <label for=\"form-field-field_4cf8a15-0\">N\u00e3o sou pessoa politicamente exposta e n\u00e3o tenho rela\u00e7\u00e3o com pessoa politicamente exposta.<\/label><\/span><span class=\"elementor-field-option\"><input type=\"radio\" value=\"Sou pessoa politicamente exposta ou tenho rela\u00e7\u00e3o com pessoa politicamente exposta, como assinalado abaixo:\" id=\"form-field-field_4cf8a15-1\" name=\"form_fields[field_4cf8a15]\" required=\"required\" aria-required=\"true\"> <label for=\"form-field-field_4cf8a15-1\">Sou pessoa politicamente exposta ou tenho rela\u00e7\u00e3o com pessoa politicamente exposta, como assinalado abaixo:<\/label><\/span><\/div>\t\t\t\t<\/div>\n\t\t\t\t\t\t\t\t<div class=\"elementor-field-type-radio elementor-field-group elementor-column elementor-field-group-field_2e64215 elementor-col-100\">\n\t\t\t\t\t\t\t\t\t\t\t\t<label for=\"form-field-field_2e64215\" class=\"elementor-field-label\">\n\t\t\t\t\t\t\t\t1- Qual sua vincula\u00e7\u00e3o com a Pessoa Politicamente Exposta? (Responda apenas Pessoas Politicamente Expostas.)\t\t\t\t\t\t\t<\/label>\n\t\t\t\t\t\t<div class=\"elementor-field-subgroup  \"><span class=\"elementor-field-option\"><input type=\"radio\" value=\"O(a) pr\u00f3prio(a)\" id=\"form-field-field_2e64215-0\" name=\"form_fields[field_2e64215]\"> <label for=\"form-field-field_2e64215-0\">O(a) pr\u00f3prio(a)<\/label><\/span><span class=\"elementor-field-option\"><input type=\"radio\" value=\"Enteado(a)\" id=\"form-field-field_2e64215-1\" name=\"form_fields[field_2e64215]\"> <label for=\"form-field-field_2e64215-1\">Enteado(a)<\/label><\/span><span class=\"elementor-field-option\"><input type=\"radio\" value=\"Parente at\u00e9 1\u00b0 grau: pai, m\u00e3e ou filho(a)\" id=\"form-field-field_2e64215-2\" name=\"form_fields[field_2e64215]\"> <label for=\"form-field-field_2e64215-2\">Parente at\u00e9 1\u00b0 grau: pai, m\u00e3e ou filho(a)<\/label><\/span><span class=\"elementor-field-option\"><input type=\"radio\" value=\"Representante ou procurador(a)\" id=\"form-field-field_2e64215-3\" name=\"form_fields[field_2e64215]\"> <label for=\"form-field-field_2e64215-3\">Representante ou procurador(a)<\/label><\/span><span class=\"elementor-field-option\"><input type=\"radio\" value=\"C\u00f4njuge ou companheiro(a)\" id=\"form-field-field_2e64215-4\" name=\"form_fields[field_2e64215]\"> <label for=\"form-field-field_2e64215-4\">C\u00f4njuge ou companheiro(a)<\/label><\/span><span class=\"elementor-field-option\"><input type=\"radio\" value=\"Pessoa de relacionamento pr\u00f3ximo\" id=\"form-field-field_2e64215-5\" name=\"form_fields[field_2e64215]\"> <label for=\"form-field-field_2e64215-5\">Pessoa de relacionamento pr\u00f3ximo<\/label><\/span><\/div>\t\t\t\t<\/div>\n\t\t\t\t\t\t\t\t<div class=\"elementor-field-type-radio elementor-field-group elementor-column elementor-field-group-field_6ce2b21 elementor-col-100\">\n\t\t\t\t\t\t\t\t\t\t\t\t<label for=\"form-field-field_6ce2b21\" class=\"elementor-field-label\">\n\t\t\t\t\t\t\t\t2- Qual a ocupa\u00e7\u00e3o da Pessoa Politicamente Exposta? (Responda apenas Pessoas Politicamente Expostas.)\t\t\t\t\t\t\t<\/label>\n\t\t\t\t\t\t<div class=\"elementor-field-subgroup  \"><span class=\"elementor-field-option\"><input type=\"radio\" value=\"Detentor de mandato eletivo do Poder Executivo ou do Poder Legislativo da Uni\u00e3o;\" id=\"form-field-field_6ce2b21-0\" name=\"form_fields[field_6ce2b21]\"> <label for=\"form-field-field_6ce2b21-0\">Detentor de mandato eletivo do Poder Executivo ou do Poder Legislativo da Uni\u00e3o;<\/label><\/span><span class=\"elementor-field-option\"><input type=\"radio\" value=\"Ocupante de cargo de Ministro de Estado ou equiparado no \u00e2mbito do Poder Executivo da Uni\u00e3o;\" id=\"form-field-field_6ce2b21-1\" name=\"form_fields[field_6ce2b21]\"> <label for=\"form-field-field_6ce2b21-1\">Ocupante de cargo de Ministro de Estado ou equiparado no \u00e2mbito do Poder Executivo da Uni\u00e3o;<\/label><\/span><span class=\"elementor-field-option\"><input type=\"radio\" value=\"Ocupante de cargo de natureza especial ou equivalente no \u00e2mbito do Poder Executivo da Uni\u00e3o;\" id=\"form-field-field_6ce2b21-2\" name=\"form_fields[field_6ce2b21]\"> <label for=\"form-field-field_6ce2b21-2\">Ocupante de cargo de natureza especial ou equivalente no \u00e2mbito do Poder Executivo da Uni\u00e3o;<\/label><\/span><span class=\"elementor-field-option\"><input type=\"radio\" value=\"Ocupante de cargo de Presidente, Vice-Presidente ou Diretor (ou cargo equivalente) em Autarquia, Funda\u00e7\u00e3o P\u00fablica, Empresa P\u00fablica ou Sociedade de Economia Mista;\" id=\"form-field-field_6ce2b21-3\" name=\"form_fields[field_6ce2b21]\"> <label for=\"form-field-field_6ce2b21-3\">Ocupante de cargo de Presidente, Vice-Presidente ou Diretor (ou cargo equivalente) em Autarquia, Funda\u00e7\u00e3o P\u00fablica, Empresa P\u00fablica ou Sociedade de Economia Mista;<\/label><\/span><span class=\"elementor-field-option\"><input type=\"radio\" value=\"Ocupante de cargo do Grupo Dire\u00e7\u00e3o e Assessoramento Superiores \u2013 DAS \u2013 n\u00edvel 6 (ou cargo equivalente) no \u00e2mbito do Poder Executivo da Uni\u00e3o;\" id=\"form-field-field_6ce2b21-4\" name=\"form_fields[field_6ce2b21]\"> <label for=\"form-field-field_6ce2b21-4\">Ocupante de cargo do Grupo Dire\u00e7\u00e3o e Assessoramento Superiores \u2013 DAS \u2013 n\u00edvel 6 (ou cargo equivalente) no \u00e2mbito do Poder Executivo da Uni\u00e3o;<\/label><\/span><span class=\"elementor-field-option\"><input type=\"radio\" value=\"Membro do Conselho Nacional de Justi\u00e7a, do Supremo Tribunal Federal ou de Tribunal Superior;\" id=\"form-field-field_6ce2b21-5\" name=\"form_fields[field_6ce2b21]\"> <label for=\"form-field-field_6ce2b21-5\">Membro do Conselho Nacional de Justi\u00e7a, do Supremo Tribunal Federal ou de Tribunal Superior;<\/label><\/span><span class=\"elementor-field-option\"><input type=\"radio\" value=\"Membro do Conselho Nacional do Minist\u00e9rio P\u00fablico ou ocupante do cargo de Procurador-Geral da Rep\u00fablica, Vice-ProcuradorGeral da Rep\u00fablica, Procurador-Geral do Trabalho, Procurador-Geral da Justi\u00e7a Militar, Subprocurador-Geral da Rep\u00fablica ou Procurador-Geral de Justi\u00e7a;\" id=\"form-field-field_6ce2b21-6\" name=\"form_fields[field_6ce2b21]\"> <label for=\"form-field-field_6ce2b21-6\">Membro do Conselho Nacional do Minist\u00e9rio P\u00fablico ou ocupante do cargo de Procurador-Geral da Rep\u00fablica, Vice-ProcuradorGeral da Rep\u00fablica, Procurador-Geral do Trabalho, Procurador-Geral da Justi\u00e7a Militar, Subprocurador-Geral da Rep\u00fablica ou Procurador-Geral de Justi\u00e7a;<\/label><\/span><span class=\"elementor-field-option\"><input type=\"radio\" value=\"Membro do Tribunal de Contas da Uni\u00e3o ou ocupante do cargo de Procurador-Geral do Minist\u00e9rio P\u00fablico junto ao Tribunal de Contas da Uni\u00e3o;\" id=\"form-field-field_6ce2b21-7\" name=\"form_fields[field_6ce2b21]\"> <label for=\"form-field-field_6ce2b21-7\">Membro do Tribunal de Contas da Uni\u00e3o ou ocupante do cargo de Procurador-Geral do Minist\u00e9rio P\u00fablico junto ao Tribunal de Contas da Uni\u00e3o;<\/label><\/span><span class=\"elementor-field-option\"><input type=\"radio\" value=\"Governador de Estado ou do Distrito Federal, Presidente de Tribunal de Justi\u00e7a, de Assembl\u00e9ia Legislativa ou da C\u00e2mara Distrital, ou Presidente de Tribunal ou Conselho de Contas de Estado, de Munic\u00edpio ou do Distrito Federal;\" id=\"form-field-field_6ce2b21-8\" name=\"form_fields[field_6ce2b21]\"> <label for=\"form-field-field_6ce2b21-8\">Governador de Estado ou do Distrito Federal, Presidente de Tribunal de Justi\u00e7a, de Assembl\u00e9ia Legislativa ou da C\u00e2mara Distrital, ou Presidente de Tribunal ou Conselho de Contas de Estado, de Munic\u00edpio ou do Distrito Federal;<\/label><\/span><span class=\"elementor-field-option\"><input type=\"radio\" value=\"Prefeito ou Presidente da C\u00e2mara Municipal de capital de Estado.\" id=\"form-field-field_6ce2b21-9\" name=\"form_fields[field_6ce2b21]\"> <label for=\"form-field-field_6ce2b21-9\">Prefeito ou Presidente da C\u00e2mara Municipal de capital de Estado.<\/label><\/span><\/div>\t\t\t\t<\/div>\n\t\t\t\t\t\t\t\t<div class=\"elementor-field-type-radio elementor-field-group elementor-column elementor-field-group-field_9a0c21b elementor-col-100 elementor-field-required elementor-mark-required\">\n\t\t\t\t\t\t\t\t\t\t\t\t<label for=\"form-field-field_9a0c21b\" class=\"elementor-field-label\">\n\t\t\t\t\t\t\t\tDECLARA\u00c7\u00c3O DE RESPONSABILIDADE SOCIO AMBIENTAL\t\t\t\t\t\t\t<\/label>\n\t\t\t\t\t\t<div class=\"elementor-field-subgroup  \"><span class=\"elementor-field-option\"><input type=\"radio\" value=\"Em cumprimento \u00e0 Resolu\u00e7\u00e3o BACEN 4.327, de 25 de abril de 2014, do Banco Central do Brasil, declaro, estar ciente, sob as penas da lei, que n\u00e3o utilizarei os recursos financeiros de nenhum modo que possa vir a trazer riscos sociais ou para a sustentabilidade do meio ambiente. Delcaro ainda me comprometer com a responsabilidade e sustentabilidade ambiental, social e econ\u00f4mica, bem como com a ades\u00e3o as normas que vierem a ser estabelecidas, de acordo com a legisla\u00e7\u00e3o vigente e os crit\u00e9rios estabelecidos.\" id=\"form-field-field_9a0c21b-0\" name=\"form_fields[field_9a0c21b]\" required=\"required\" aria-required=\"true\"> <label for=\"form-field-field_9a0c21b-0\">Em cumprimento \u00e0 Resolu\u00e7\u00e3o BACEN 4.327, de 25 de abril de 2014, do Banco Central do Brasil, declaro, estar ciente, sob as penas da lei, que n\u00e3o utilizarei os recursos financeiros de nenhum modo que possa vir a trazer riscos sociais ou para a sustentabilidade do meio ambiente. Delcaro ainda me comprometer com a responsabilidade e sustentabilidade ambiental, social e econ\u00f4mica, bem como com a ades\u00e3o as normas que vierem a ser estabelecidas, de acordo com a legisla\u00e7\u00e3o vigente e os crit\u00e9rios estabelecidos.<\/label><\/span><\/div>\t\t\t\t<\/div>\n\t\t\t\t\t\t\t\t<div class=\"elementor-field-type-acceptance elementor-field-group elementor-column elementor-field-group-field_b881fc9 elementor-col-100 elementor-field-required elementor-mark-required\">\n\t\t\t\t\t\t\t<div class=\"elementor-field-subgroup\">\n\t\t\t<span class=\"elementor-field-option\">\n\t\t\t\t<input type=\"checkbox\" name=\"form_fields[field_b881fc9]\" id=\"form-field-field_b881fc9\" class=\"elementor-field elementor-size-sm  elementor-acceptance-field\" required=\"required\" aria-required=\"true\">\n\t\t\t\t<label for=\"form-field-field_b881fc9\">Declaro que as informa\u00e7\u00f5es prestadas s\u00e3o verdadeiras, ciente das consequ\u00eancias penais e administrativas de eventual inverdade. Comprometo-me a informar \u00e0 Cooperativa JFK, em at\u00e9 10 dias, qualquer altera\u00e7\u00e3o nas informa\u00e7\u00f5es prestadas neste formul\u00e1rio.<\/label>\t\t\t<\/span>\n\t\t<\/div>\n\t\t\t\t\t\t<\/div>\n\t\t\t\t\t\t\t\t<div class=\"elementor-field-type-text elementor-field-group elementor-column elementor-field-group-field_fd46ee5 elementor-col-50 elementor-field-required elementor-mark-required\">\n\t\t\t\t\t\t\t\t\t\t\t\t<label for=\"form-field-field_fd46ee5\" class=\"elementor-field-label\">\n\t\t\t\t\t\t\t\tLocal\t\t\t\t\t\t\t<\/label>\n\t\t\t\t\t\t\t\t\t\t\t\t\t\t<input size=\"1\" type=\"text\" name=\"form_fields[field_fd46ee5]\" id=\"form-field-field_fd46ee5\" class=\"elementor-field elementor-size-sm  elementor-field-textual\" required=\"required\" aria-required=\"true\">\n\t\t\t\t\t\t\t\t\t\t\t<\/div>\n\t\t\t\t\t\t\t\t<div class=\"elementor-field-type-date elementor-field-group elementor-column elementor-field-group-field_a924f7d elementor-col-50 elementor-field-required elementor-mark-required\">\n\t\t\t\t\t\t\t\t\t\t\t\t<label for=\"form-field-field_a924f7d\" class=\"elementor-field-label\">\n\t\t\t\t\t\t\t\tData\t\t\t\t\t\t\t<\/label>\n\t\t\t\t\t\t\n\t\t<input type=\"date\" name=\"form_fields[field_a924f7d]\" id=\"form-field-field_a924f7d\" class=\"elementor-field elementor-size-sm  elementor-field-textual elementor-date-field\" required=\"required\" aria-required=\"true\" pattern=\"[0-9]{4}-[0-9]{2}-[0-9]{2}\">\n\t\t\t\t\t\t<\/div>\n\t\t\t\t\t\t\t\t<div class=\"elementor-field-type-html elementor-field-group elementor-column elementor-field-group-field_ed5ff57 elementor-col-100\">\n\t\t\t\t\tPol\u00edtica de Privacidade\t\t\t\t<\/div>\n\t\t\t\t\t\t\t\t<div class=\"elementor-field-type-acceptance elementor-field-group elementor-column elementor-field-group-field_7f526a1 elementor-col-100 elementor-field-required elementor-mark-required\">\n\t\t\t\t\t\t\t\t\t\t\t\t<label for=\"form-field-field_7f526a1\" class=\"elementor-field-label\">\n\t\t\t\t\t\t\t\tPol\u00edtica de Privacidade\t\t\t\t\t\t\t<\/label>\n\t\t\t\t\t\t\t\t<div class=\"elementor-field-subgroup\">\n\t\t\t<span class=\"elementor-field-option\">\n\t\t\t\t<input type=\"checkbox\" name=\"form_fields[field_7f526a1]\" id=\"form-field-field_7f526a1\" class=\"elementor-field elementor-size-sm  elementor-acceptance-field\" required=\"required\" aria-required=\"true\">\n\t\t\t\t<label for=\"form-field-field_7f526a1\">Li e aceito os termos de privacidade.<\/label>\t\t\t<\/span>\n\t\t<\/div>\n\t\t\t\t\t\t<\/div>\n\t\t\t\t\t\t\t\t<div class=\"elementor-field-type-recaptcha_v3 elementor-field-group elementor-column elementor-field-group-field_7d32b47 elementor-col-100 recaptcha_v3-bottomright\">\n\t\t\t\t\t<div class=\"elementor-field\" id=\"form-field-field_7d32b47\"><div class=\"elementor-g-recaptcha\" data-sitekey=\"6LfOrFUpAAAAAFnlDVNmhBkMtoNdrEDswPlwpeNC\" data-type=\"v3\" data-action=\"Form\" data-badge=\"bottomright\" data-size=\"invisible\"><\/div><\/div>\t\t\t\t<\/div>\n\t\t\t\t\t\t\t\t<div class=\"elementor-field-group elementor-column elementor-field-type-submit elementor-col-100 e-form__buttons\">\n\t\t\t\t\t<button type=\"submit\" class=\"elementor-button elementor-size-sm\">\n\t\t\t\t\t\t<span >\n\t\t\t\t\t\t\t\t\t\t\t\t\t\t\t<span class=\" elementor-button-icon\">\n\t\t\t\t\t\t\t\t\t\t\t\t\t\t\t\t\t\t\t\t\t\t\t\t\t\t<\/span>\n\t\t\t\t\t\t\t\t\t\t\t\t\t\t\t\t\t\t\t\t\t\t<span class=\"elementor-button-text\">Enviar Solicita\u00e7\u00e3o<\/span>\n\t\t\t\t\t\t\t\t\t\t\t\t\t<\/span>\n\t\t\t\t\t<\/button>\n\t\t\t\t<\/div>\n\t\t\t<\/div>\n\t\t<\/form>\n\t\t\t\t\t\t<\/div>\n\t\t\t\t<\/div>\n\t\t\t\t\t<\/div>\n\t\t\t\t<\/div>\n\t\t<div class=\"elementor-element elementor-element-c1adbdc third_bg_color e-flex e-con-boxed e-con e-parent\" data-id=\"c1adbdc\" data-element_type=\"container\" data-settings=\"{&quot;background_background&quot;:&quot;classic&quot;}\">\n\t\t\t\t\t<div class=\"e-con-inner\">\n\t\t\t\t<div class=\"elementor-element elementor-element-4eec357e elementor-widget__width-auto elementor-widget elementor-widget-text-editor\" data-id=\"4eec357e\" data-element_type=\"widget\" data-widget_type=\"text-editor.default\">\n\t\t\t\t<div class=\"elementor-widget-container\">\n\t\t\t\t\t\t\t\t\t<p><strong><span style=\"font-size: 18pt;\">Torne-se um associado e usufrua de muitos benef\u00edcios<\/span><\/strong><\/p>\t\t\t\t\t\t\t\t<\/div>\n\t\t\t\t<\/div>\n\t\t\t\t<div class=\"elementor-element elementor-element-4387a92f elementor-widget__width-auto elementor-tablet-align-center elementor-widget elementor-widget-button\" data-id=\"4387a92f\" data-element_type=\"widget\" data-widget_type=\"button.default\">\n\t\t\t\t<div class=\"elementor-widget-container\">\n\t\t\t\t\t\t\t\t\t<div class=\"elementor-button-wrapper\">\n\t\t\t\t\t<a class=\"elementor-button elementor-button-link elementor-size-sm\" href=\"https:\/\/secmah.com.br\/coopjfk\/associe-se\/\">\n\t\t\t\t\t\t<span class=\"elementor-button-content-wrapper\">\n\t\t\t\t\t\t\t\t\t<span class=\"elementor-button-text\">Associe-se<\/span>\n\t\t\t\t\t<\/span>\n\t\t\t\t\t<\/a>\n\t\t\t\t<\/div>\n\t\t\t\t\t\t\t\t<\/div>\n\t\t\t\t<\/div>\n\t\t\t\t\t<\/div>\n\t\t\t\t<\/div>\n\t\t\t\t<\/div>\n\t\t","protected":false},"excerpt":{"rendered":"<p>Torne-se um associado e usufrua de muitos benef\u00edcios Associe-se<\/p>\n","protected":false},"author":1,"featured_media":0,"parent":0,"menu_order":0,"comment_status":"closed","ping_status":"closed","template":"","meta":{"footnotes":""},"class_list":["post-39251","page","type-page","status-publish","hentry"],"_links":{"self":[{"href":"https:\/\/secmah.com.br\/coopjfk\/wp-json\/wp\/v2\/pages\/39251","targetHints":{"allow":["GET"]}}],"collection":[{"href":"https:\/\/secmah.com.br\/coopjfk\/wp-json\/wp\/v2\/pages"}],"about":[{"href":"https:\/\/secmah.com.br\/coopjfk\/wp-json\/wp\/v2\/types\/page"}],"author":[{"embeddable":true,"href":"https:\/\/secmah.com.br\/coopjfk\/wp-json\/wp\/v2\/users\/1"}],"replies":[{"embeddable":true,"href":"https:\/\/secmah.com.br\/coopjfk\/wp-json\/wp\/v2\/comments?post=39251"}],"version-history":[{"count":10,"href":"https:\/\/secmah.com.br\/coopjfk\/wp-json\/wp\/v2\/pages\/39251\/revisions"}],"predecessor-version":[{"id":39377,"href":"https:\/\/secmah.com.br\/coopjfk\/wp-json\/wp\/v2\/pages\/39251\/revisions\/39377"}],"wp:attachment":[{"href":"https:\/\/secmah.com.br\/coopjfk\/wp-json\/wp\/v2\/media?parent=39251"}],"curies":[{"name":"wp","href":"https:\/\/api.w.org\/{rel}","templated":true}]}}