{"id":142,"date":"2015-02-18T14:34:09","date_gmt":"2015-02-18T14:34:09","guid":{"rendered":"https:\/\/secmah.com.br\/coopjfk\/?page_id=142"},"modified":"2024-01-20T22:49:51","modified_gmt":"2024-01-20T22:49:51","slug":"estatuto-social","status":"publish","type":"page","link":"https:\/\/secmah.com.br\/coopjfk\/estatuto-social\/","title":{"rendered":"Estatuto social"},"content":{"rendered":"\t\t<div data-elementor-type=\"wp-page\" data-elementor-id=\"142\" class=\"elementor elementor-142\" data-elementor-post-type=\"page\">\n\t\t\t\t<div class=\"elementor-element elementor-element-9c9fbe8 e-flex e-con-boxed e-con e-parent\" data-id=\"9c9fbe8\" data-element_type=\"container\" data-settings=\"{&quot;background_background&quot;:&quot;classic&quot;}\">\n\t\t\t\t\t<div class=\"e-con-inner\">\n\t\t\t\t<div class=\"elementor-element elementor-element-ef627db elementor-widget elementor-widget-heading\" data-id=\"ef627db\" data-element_type=\"widget\" data-widget_type=\"heading.default\">\n\t\t\t\t<div class=\"elementor-widget-container\">\n\t\t\t\t\t<h2 class=\"elementor-heading-title elementor-size-default\">Estatuto social<\/h2>\t\t\t\t<\/div>\n\t\t\t\t<\/div>\n\t\t\t\t\t<\/div>\n\t\t\t\t<\/div>\n\t\t<div class=\"elementor-element elementor-element-5113202 e-flex e-con-boxed e-con e-parent\" data-id=\"5113202\" data-element_type=\"container\" data-settings=\"{&quot;background_background&quot;:&quot;classic&quot;}\">\n\t\t\t\t\t<div class=\"e-con-inner\">\n\t\t<div class=\"elementor-element elementor-element-bde0ac0 e-con-full e-flex e-con e-child\" data-id=\"bde0ac0\" data-element_type=\"container\">\n\t\t\t\t<div class=\"elementor-element elementor-element-a085b29 elementor-widget elementor-widget-heading\" data-id=\"a085b29\" data-element_type=\"widget\" data-widget_type=\"heading.default\">\n\t\t\t\t<div class=\"elementor-widget-container\">\n\t\t\t\t\t<h2 class=\"elementor-heading-title elementor-size-default\">Leia o nosso estatuto<\/h2>\t\t\t\t<\/div>\n\t\t\t\t<\/div>\n\t\t\t\t<div class=\"elementor-element elementor-element-b6cb015 elementor-widget elementor-widget-text-editor\" data-id=\"b6cb015\" data-element_type=\"widget\" data-widget_type=\"text-editor.default\">\n\t\t\t\t<div class=\"elementor-widget-container\">\n\t\t\t\t\t\t\t\t\t<p style=\"text-align: left;\">Ao se tornar um Associado, voc\u00ea deve ler o nosso Estatuto Social.<\/p><p>\u00a0<\/p><a href=\"https:\/\/secmah.com.br\/coopjfk\/wp-content\/uploads\/2015\/02\/estatuto.pdf\" class=\"pdfemb-viewer\" style=\"width:600px;\" data-width=\"600\" data-height=\"max\" data-toolbar=\"top\" data-toolbar-fixed=\"off\">estatuto<\/a>\t\t\t\t\t\t\t\t<\/div>\n\t\t\t\t<\/div>\n\t\t\t\t<\/div>\n\t\t<div class=\"elementor-element elementor-element-1773300 e-con-full e-flex e-con e-child\" data-id=\"1773300\" data-element_type=\"container\">\n\t\t\t\t<div class=\"elementor-element elementor-element-3412bd2 elementor-widget elementor-widget-text-editor\" data-id=\"3412bd2\" data-element_type=\"widget\" data-widget_type=\"text-editor.default\">\n\t\t\t\t<div class=\"elementor-widget-container\">\n\t\t\t\t\t\t\t\t\t<h4><strong>Produtos e Servi\u00e7os<\/strong><\/h4>\t\t\t\t\t\t\t\t<\/div>\n\t\t\t\t<\/div>\n\t\t\t\t<div class=\"elementor-element elementor-element-dd3fa45 hfe-nav-menu__align-left hfe-submenu-icon-arrow hfe-link-redirect-child hfe-nav-menu__breakpoint-tablet elementor-widget elementor-widget-navigation-menu\" data-id=\"dd3fa45\" data-element_type=\"widget\" data-settings=\"{&quot;menu_space_between&quot;:{&quot;unit&quot;:&quot;px&quot;,&quot;size&quot;:&quot;2&quot;,&quot;sizes&quot;:[]},&quot;padding_horizontal_menu_item&quot;:{&quot;unit&quot;:&quot;px&quot;,&quot;size&quot;:15,&quot;sizes&quot;:[]},&quot;padding_horizontal_menu_item_tablet&quot;:{&quot;unit&quot;:&quot;px&quot;,&quot;size&quot;:&quot;&quot;,&quot;sizes&quot;:[]},&quot;padding_horizontal_menu_item_mobile&quot;:{&quot;unit&quot;:&quot;px&quot;,&quot;size&quot;:&quot;&quot;,&quot;sizes&quot;:[]},&quot;padding_vertical_menu_item&quot;:{&quot;unit&quot;:&quot;px&quot;,&quot;size&quot;:15,&quot;sizes&quot;:[]},&quot;padding_vertical_menu_item_tablet&quot;:{&quot;unit&quot;:&quot;px&quot;,&quot;size&quot;:&quot;&quot;,&quot;sizes&quot;:[]},&quot;padding_vertical_menu_item_mobile&quot;:{&quot;unit&quot;:&quot;px&quot;,&quot;size&quot;:&quot;&quot;,&quot;sizes&quot;:[]},&quot;menu_space_between_tablet&quot;:{&quot;unit&quot;:&quot;px&quot;,&quot;size&quot;:&quot;&quot;,&quot;sizes&quot;:[]},&quot;menu_space_between_mobile&quot;:{&quot;unit&quot;:&quot;px&quot;,&quot;size&quot;:&quot;&quot;,&quot;sizes&quot;:[]},&quot;dropdown_border_radius&quot;:{&quot;unit&quot;:&quot;px&quot;,&quot;top&quot;:&quot;&quot;,&quot;right&quot;:&quot;&quot;,&quot;bottom&quot;:&quot;&quot;,&quot;left&quot;:&quot;&quot;,&quot;isLinked&quot;:true},&quot;dropdown_border_radius_tablet&quot;:{&quot;unit&quot;:&quot;px&quot;,&quot;top&quot;:&quot;&quot;,&quot;right&quot;:&quot;&quot;,&quot;bottom&quot;:&quot;&quot;,&quot;left&quot;:&quot;&quot;,&quot;isLinked&quot;:true},&quot;dropdown_border_radius_mobile&quot;:{&quot;unit&quot;:&quot;px&quot;,&quot;top&quot;:&quot;&quot;,&quot;right&quot;:&quot;&quot;,&quot;bottom&quot;:&quot;&quot;,&quot;left&quot;:&quot;&quot;,&quot;isLinked&quot;:true},&quot;padding_horizontal_dropdown_item&quot;:{&quot;unit&quot;:&quot;px&quot;,&quot;size&quot;:&quot;&quot;,&quot;sizes&quot;:[]},&quot;padding_horizontal_dropdown_item_tablet&quot;:{&quot;unit&quot;:&quot;px&quot;,&quot;size&quot;:&quot;&quot;,&quot;sizes&quot;:[]},&quot;padding_horizontal_dropdown_item_mobile&quot;:{&quot;unit&quot;:&quot;px&quot;,&quot;size&quot;:&quot;&quot;,&quot;sizes&quot;:[]},&quot;padding_vertical_dropdown_item&quot;:{&quot;unit&quot;:&quot;px&quot;,&quot;size&quot;:15,&quot;sizes&quot;:[]},&quot;padding_vertical_dropdown_item_tablet&quot;:{&quot;unit&quot;:&quot;px&quot;,&quot;size&quot;:&quot;&quot;,&quot;sizes&quot;:[]},&quot;padding_vertical_dropdown_item_mobile&quot;:{&quot;unit&quot;:&quot;px&quot;,&quot;size&quot;:&quot;&quot;,&quot;sizes&quot;:[]},&quot;distance_from_menu&quot;:{&quot;unit&quot;:&quot;px&quot;,&quot;size&quot;:&quot;&quot;,&quot;sizes&quot;:[]},&quot;distance_from_menu_tablet&quot;:{&quot;unit&quot;:&quot;px&quot;,&quot;size&quot;:&quot;&quot;,&quot;sizes&quot;:[]},&quot;distance_from_menu_mobile&quot;:{&quot;unit&quot;:&quot;px&quot;,&quot;size&quot;:&quot;&quot;,&quot;sizes&quot;:[]},&quot;toggle_size&quot;:{&quot;unit&quot;:&quot;px&quot;,&quot;size&quot;:&quot;&quot;,&quot;sizes&quot;:[]},&quot;toggle_size_tablet&quot;:{&quot;unit&quot;:&quot;px&quot;,&quot;size&quot;:&quot;&quot;,&quot;sizes&quot;:[]},&quot;toggle_size_mobile&quot;:{&quot;unit&quot;:&quot;px&quot;,&quot;size&quot;:&quot;&quot;,&quot;sizes&quot;:[]},&quot;toggle_border_width&quot;:{&quot;unit&quot;:&quot;px&quot;,&quot;size&quot;:&quot;&quot;,&quot;sizes&quot;:[]},&quot;toggle_border_width_tablet&quot;:{&quot;unit&quot;:&quot;px&quot;,&quot;size&quot;:&quot;&quot;,&quot;sizes&quot;:[]},&quot;toggle_border_width_mobile&quot;:{&quot;unit&quot;:&quot;px&quot;,&quot;size&quot;:&quot;&quot;,&quot;sizes&quot;:[]},&quot;toggle_border_radius&quot;:{&quot;unit&quot;:&quot;px&quot;,&quot;size&quot;:&quot;&quot;,&quot;sizes&quot;:[]},&quot;toggle_border_radius_tablet&quot;:{&quot;unit&quot;:&quot;px&quot;,&quot;size&quot;:&quot;&quot;,&quot;sizes&quot;:[]},&quot;toggle_border_radius_mobile&quot;:{&quot;unit&quot;:&quot;px&quot;,&quot;size&quot;:&quot;&quot;,&quot;sizes&quot;:[]}}\" data-widget_type=\"navigation-menu.default\">\n\t\t\t\t<div class=\"elementor-widget-container\">\n\t\t\t\t\t\t\t\t<div class=\"hfe-nav-menu hfe-layout-vertical hfe-nav-menu-layout vertical\" data-layout=\"vertical\">\n\t\t\t\t<div role=\"button\" class=\"hfe-nav-menu__toggle elementor-clickable\" tabindex=\"0\" aria-label=\"Menu Toggle\">\n\t\t\t\t\t<span class=\"screen-reader-text\">Menu<\/span>\n\t\t\t\t\t<div class=\"hfe-nav-menu-icon\">\n\t\t\t\t\t\t<i aria-hidden=\"true\"  class=\"fas fa-align-justify\"><\/i>\t\t\t\t\t<\/div>\n\t\t\t\t<\/div>\n\t\t\t\t<nav class=\"hfe-nav-menu__layout-vertical hfe-nav-menu__submenu-arrow\" data-toggle-icon=\"&lt;i aria-hidden=&quot;true&quot; tabindex=&quot;0&quot; class=&quot;fas fa-align-justify&quot;&gt;&lt;\/i&gt;\" data-close-icon=\"&lt;i aria-hidden=&quot;true&quot; tabindex=&quot;0&quot; class=&quot;far fa-window-close&quot;&gt;&lt;\/i&gt;\" data-full-width=\"yes\">\n\t\t\t\t\t<ul id=\"menu-1-dd3fa45\" class=\"hfe-nav-menu\"><li id=\"menu-item-37300\" class=\"menu-item menu-item-type-post_type menu-item-object-post parent hfe-creative-menu\"><a href=\"https:\/\/secmah.com.br\/coopjfk\/hot-money\/\" class = \"hfe-menu-item\">Hot Money<\/a><\/li>\n<li id=\"menu-item-37299\" class=\"menu-item menu-item-type-post_type menu-item-object-post parent hfe-creative-menu\"><a href=\"https:\/\/secmah.com.br\/coopjfk\/auto-jfk\/\" class = \"hfe-menu-item\">Auto JFK<\/a><\/li>\n<li id=\"menu-item-37316\" class=\"menu-item menu-item-type-post_type menu-item-object-post parent hfe-creative-menu\"><a href=\"https:\/\/secmah.com.br\/coopjfk\/refinanciamento\/\" class = \"hfe-menu-item\">Refinanciamento<\/a><\/li>\n<li id=\"menu-item-37315\" class=\"menu-item menu-item-type-post_type menu-item-object-post parent hfe-creative-menu\"><a href=\"https:\/\/secmah.com.br\/coopjfk\/pega-facil\/\" class = \"hfe-menu-item\">Pega F\u00e1cil<\/a><\/li>\n<li id=\"menu-item-37384\" class=\"menu-item menu-item-type-post_type menu-item-object-post parent hfe-creative-menu\"><a href=\"https:\/\/secmah.com.br\/coopjfk\/i-r-facil\/\" class = \"hfe-menu-item\">I.R. F\u00e1cil<\/a><\/li>\n<li id=\"menu-item-37385\" class=\"menu-item menu-item-type-post_type menu-item-object-post parent hfe-creative-menu\"><a href=\"https:\/\/secmah.com.br\/coopjfk\/pagamento-do-imposto-de-renda\/\" class = \"hfe-menu-item\">Pagamento do Imposto de Renda<\/a><\/li>\n<li id=\"menu-item-37386\" class=\"menu-item menu-item-type-post_type menu-item-object-post parent hfe-creative-menu\"><a href=\"https:\/\/secmah.com.br\/coopjfk\/resgate-da-cidadania\/\" class = \"hfe-menu-item\">Resgate da Cidadania<\/a><\/li>\n<li id=\"menu-item-37387\" class=\"menu-item menu-item-type-post_type menu-item-object-post parent hfe-creative-menu\"><a href=\"https:\/\/secmah.com.br\/coopjfk\/reforma-construcao\/\" class = \"hfe-menu-item\">Reforma &amp; Constru\u00e7\u00e3o<\/a><\/li>\n<li id=\"menu-item-37388\" class=\"menu-item menu-item-type-post_type menu-item-object-post parent hfe-creative-menu\"><a href=\"https:\/\/secmah.com.br\/coopjfk\/adiantamento-13o\/\" class = \"hfe-menu-item\">Adiantamento 13\u00ba<\/a><\/li>\n<\/ul> \n\t\t\t\t<\/nav>\n\t\t\t<\/div>\n\t\t\t\t\t\t\t<\/div>\n\t\t\t\t<\/div>\n\t\t\t\t<\/div>\n\t\t\t\t\t<\/div>\n\t\t\t\t<\/div>\n\t\t<div class=\"elementor-element elementor-element-079a064 third_bg_color e-flex e-con-boxed e-con e-parent\" data-id=\"079a064\" data-element_type=\"container\" data-settings=\"{&quot;background_background&quot;:&quot;classic&quot;}\">\n\t\t\t\t\t<div class=\"e-con-inner\">\n\t\t\t\t<div class=\"elementor-element elementor-element-87198e8 elementor-widget__width-auto elementor-widget elementor-widget-text-editor\" data-id=\"87198e8\" data-element_type=\"widget\" data-widget_type=\"text-editor.default\">\n\t\t\t\t<div class=\"elementor-widget-container\">\n\t\t\t\t\t\t\t\t\t<p><strong><span style=\"font-size: 18pt;\">Torne-se um associado e usufrua de muitos benef\u00edcios<\/span><\/strong><\/p>\t\t\t\t\t\t\t\t<\/div>\n\t\t\t\t<\/div>\n\t\t\t\t<div class=\"elementor-element elementor-element-ceea359 elementor-widget__width-auto elementor-tablet-align-center elementor-widget elementor-widget-button\" data-id=\"ceea359\" data-element_type=\"widget\" data-widget_type=\"button.default\">\n\t\t\t\t<div class=\"elementor-widget-container\">\n\t\t\t\t\t\t\t\t\t<div class=\"elementor-button-wrapper\">\n\t\t\t\t\t<a class=\"elementor-button elementor-button-link elementor-size-sm\" href=\"https:\/\/secmah.com.br\/coopjfk\/associe-se\/\">\n\t\t\t\t\t\t<span class=\"elementor-button-content-wrapper\">\n\t\t\t\t\t\t\t\t\t<span class=\"elementor-button-text\">Associe-se<\/span>\n\t\t\t\t\t<\/span>\n\t\t\t\t\t<\/a>\n\t\t\t\t<\/div>\n\t\t\t\t\t\t\t\t<\/div>\n\t\t\t\t<\/div>\n\t\t\t\t\t<\/div>\n\t\t\t\t<\/div>\n\t\t\t\t<\/div>\n\t\t","protected":false},"excerpt":{"rendered":"<p>Leia o nosso estatuto Ao se tornar um Associado, voc\u00ea deve ler o nosso Estatuto Social. \u00a0 Produtos e Servi\u00e7os Menu Hot Money Auto JFK Refinanciamento Pega F\u00e1cil I.R. F\u00e1cil Pagamento do Imposto de Renda Resgate da Cidadania Reforma &amp; Constru\u00e7\u00e3o Adiantamento 13\u00ba Torne-se um associado e usufrua de muitos benef\u00edcios Associe-se<\/p>\n","protected":false},"author":1,"featured_media":0,"parent":0,"menu_order":0,"comment_status":"closed","ping_status":"closed","template":"","meta":{"footnotes":""},"class_list":["post-142","page","type-page","status-publish","hentry"],"_links":{"self":[{"href":"https:\/\/secmah.com.br\/coopjfk\/wp-json\/wp\/v2\/pages\/142","targetHints":{"allow":["GET"]}}],"collection":[{"href":"https:\/\/secmah.com.br\/coopjfk\/wp-json\/wp\/v2\/pages"}],"about":[{"href":"https:\/\/secmah.com.br\/coopjfk\/wp-json\/wp\/v2\/types\/page"}],"author":[{"embeddable":true,"href":"https:\/\/secmah.com.br\/coopjfk\/wp-json\/wp\/v2\/users\/1"}],"replies":[{"embeddable":true,"href":"https:\/\/secmah.com.br\/coopjfk\/wp-json\/wp\/v2\/comments?post=142"}],"version-history":[{"count":12,"href":"https:\/\/secmah.com.br\/coopjfk\/wp-json\/wp\/v2\/pages\/142\/revisions"}],"predecessor-version":[{"id":39422,"href":"https:\/\/secmah.com.br\/coopjfk\/wp-json\/wp\/v2\/pages\/142\/revisions\/39422"}],"wp:attachment":[{"href":"https:\/\/secmah.com.br\/coopjfk\/wp-json\/wp\/v2\/media?parent=142"}],"curies":[{"name":"wp","href":"https:\/\/api.w.org\/{rel}","templated":true}]}}